{"id":10,"date":"2021-06-18T14:47:09","date_gmt":"2021-06-18T12:47:09","guid":{"rendered":"https:\/\/www.plan-box.com\/?page_id=10"},"modified":"2023-04-30T18:28:41","modified_gmt":"2023-04-30T16:28:41","slug":"autres-produits","status":"publish","type":"page","link":"https:\/\/www.plan-box.com\/fr\/autres-produits\/","title":{"rendered":"Autres produits"},"content":{"rendered":"\n<div style=\"height:60px\" aria-hidden=\"true\" class=\"wp-block-spacer\"><\/div>\n\n\n\n<p class=\"has-text-align-center\">Informations <strong>espace projet<\/strong> \u00ab\u00a0Bauprojektraum\u00ae\u00a0\u00bb <a href=\"https:\/\/www.plan-box.com\/fr\/espace-projet-bauprojektraum\/\">ici<\/a>.<\/p>\n\n\n\n<div class=\"wp-block-columns is-layout-flex wp-container-core-columns-is-layout-9d6595d7 wp-block-columns-is-layout-flex\">\n<div class=\"wp-block-column is-layout-flow wp-block-column-is-layout-flow\">\n<div class=\"wp-block-cdt-toggle\"><div class=\"wp-block-cdt-toggle-inner\"><div class=\"wp-block-cdt-toggle-header\"><div class=\"wp-block-cdt-toggle-header-inner\"><h2>Application gestion de d\u00e9fauts avec Realview.ch<\/h2><p><\/p><\/div><\/div><div class=\"wp-block-cdt-toggle-content\"><button class=\"wp-block-cdt-toggle-close\"><\/button><div class=\"wp-block-cdt-toggle-content-inner\">\n<p><\/p>\n\n\n<div class=\"wp-block-image\">\n<figure class=\"aligncenter size-large is-resized\"><img loading=\"lazy\" decoding=\"async\" src=\"https:\/\/www.plan-box.com\/fr\/wp-content\/uploads\/sites\/2\/2023\/04\/REALVIEW-CH_logo.svg\" alt=\"\" class=\"wp-image-794\" width=\"258\" height=\"48\" \/><\/figure>\n<\/div>\n\n\n<p>Les projets dans l&rsquo;espace de projet de construction plan-box.com sont li\u00e9s aux projets dans REALVIEW.CH.<\/p>\n\n\n\n<p>Les plans enregistr\u00e9s dans plan-box.com sont li\u00e9s \u00e0 la structure de projet de REALVIEW.CH et sont automatiquement mis \u00e0 jour en cas de modification des plans.<\/p>\n\n\n\n<p><a href=\"https:\/\/www.plan-box.com\/kontakt\/\"><a href=\"\/fr\/contact-2\/\">Contactez-nous pour un entretien sans engagement<\/a><\/a><\/p>\n<\/div><\/div><\/div><\/div>\n<\/div>\n\n\n\n<div class=\"wp-block-column is-layout-flow wp-block-column-is-layout-flow\">\n<div class=\"wp-block-cdt-toggle\"><div class=\"wp-block-cdt-toggle-inner\"><div class=\"wp-block-cdt-toggle-header\"><div class=\"wp-block-cdt-toggle-header-inner\"><h2>Syst\u00e8me de gestion de qualit\u00e9 avec eicher qualtiyassurance GmbH<\/h2><p><\/p><\/div><\/div><div class=\"wp-block-cdt-toggle-content\"><button class=\"wp-block-cdt-toggle-close\"><\/button><div class=\"wp-block-cdt-toggle-content-inner\"><div class=\"wp-block-image\">\n<figure class=\"aligncenter size-large is-resized\"><img loading=\"lazy\" decoding=\"async\" src=\"https:\/\/www.plan-box.com\/fr\/wp-content\/uploads\/sites\/2\/2023\/04\/eqa_logo_transparent_retina-1024x333.png\" alt=\"\" class=\"wp-image-795\" width=\"188\" height=\"61\" srcset=\"https:\/\/www.plan-box.com\/fr\/wp-content\/uploads\/sites\/2\/2023\/04\/eqa_logo_transparent_retina-1024x333.png 1024w, https:\/\/www.plan-box.com\/fr\/wp-content\/uploads\/sites\/2\/2023\/04\/eqa_logo_transparent_retina-300x98.png 300w, https:\/\/www.plan-box.com\/fr\/wp-content\/uploads\/sites\/2\/2023\/04\/eqa_logo_transparent_retina-768x250.png 768w, https:\/\/www.plan-box.com\/fr\/wp-content\/uploads\/sites\/2\/2023\/04\/eqa_logo_transparent_retina-1536x500.png 1536w, https:\/\/www.plan-box.com\/fr\/wp-content\/uploads\/sites\/2\/2023\/04\/eqa_logo_transparent_retina-2048x666.png 2048w\" sizes=\"auto, (max-width: 188px) 100vw, 188px\" \/><\/figure>\n<\/div>\n\n\n<p>Mise en place, introduction et entretien d&rsquo;un syst\u00e8me de gestion de la qualit\u00e9 adapt\u00e9 \u00e0 vos besoins. D\u00e9velopp\u00e9 avec eicher qualityassurance GmbH:<\/p>\n\n\n\n<ul class=\"wp-block-list\">\n<li>Solution ind\u00e9pendante de la branche<\/li>\n\n\n\n<li>Organisation syst\u00e9matique des donn\u00e9es <\/li>\n\n\n\n<li>Transmission s\u00e9curis\u00e9e uniquement des donn\u00e9es li\u00e9es au projet  <\/li>\n\n\n\n<li>Tra\u00e7abilit\u00e9 absolue<\/li>\n\n\n\n<li>D\u00e9veloppement, support et sauvegarde des donn\u00e9es 100% en Suisse<\/li>\n<\/ul>\n\n\n\n<p><a href=\"\/fr\/contact-2\/\">Contactez-nous pour un entretien sans engagement<\/a><\/p>\n<\/div><\/div><\/div><\/div>\n<\/div>\n<\/div>\n\n\n\n<div class=\"wp-block-columns is-layout-flex wp-container-core-columns-is-layout-9d6595d7 wp-block-columns-is-layout-flex\"><\/div>\n\n\n\n<div class=\"wp-block-cdt-toggle\"><div class=\"wp-block-cdt-toggle-inner\"><div class=\"wp-block-cdt-toggle-header\"><div class=\"wp-block-cdt-toggle-header-inner\"><h2>Gestion de donn\u00e9es pour tous les secteurs<\/h2><p><\/p><\/div><\/div><div class=\"wp-block-cdt-toggle-content\"><button class=\"wp-block-cdt-toggle-close\"><\/button><div class=\"wp-block-cdt-toggle-content-inner\">\n<p>Conseil global et individuel dans le domaine de la gestion de vos donn\u00e9es :<\/p>\n\n\n\n<ul class=\"wp-block-list\">\n<li>Optimisation, impl\u00e9mentation et cr\u00e9ation d&rsquo;interfaces avec des solutions logicielles d\u00e9j\u00e0 existantes <\/li>\n\n\n\n<li>R\u00e9alisation d&rsquo;analyses de la situation actuelle et de la situation souhait\u00e9e<\/li>\n\n\n\n<li>Formation des collaborateurs sur place ou en ligne<\/li>\n\n\n\n<li>Assistance dans l&rsquo;utilisation quotidienne des donn\u00e9es et des documents <\/li>\n\n\n\n<li>Exploitation de l&rsquo;ensemble de la gestion des documents et donn\u00e9es (outsourcing)<\/li>\n<\/ul>\n\n\n\n<p><a href=\"https:\/\/www.plan-box.com\/kontakt\/\"><a href=\"\/fr\/contact-2\/\">Contactez-nous pour en <\/a><a href=\"https:\/\/www.plan-box.com\/fr\/contact\">discuter<\/a><\/a><\/p>\n<\/div><\/div><\/div><\/div>\n","protected":false},"excerpt":{"rendered":"<p>Informations espace projet \u00ab\u00a0Bauprojektraum\u00ae\u00a0\u00bb ici.<\/p>\n","protected":false},"author":1,"featured_media":0,"parent":0,"menu_order":0,"comment_status":"closed","ping_status":"closed","template":"","meta":{"editor_notices":[],"footnotes":""},"class_list":["post-10","page","type-page","status-publish","hentry"],"yoast_head":"<!-- This site is optimized with the Yoast SEO plugin v27.5 - https:\/\/yoast.com\/product\/yoast-seo-wordpress\/ -->\n<title>Autres produits - plan-box.com<\/title>\n<meta name=\"robots\" content=\"index, follow, max-snippet:-1, max-image-preview:large, max-video-preview:-1\" \/>\n<link rel=\"canonical\" href=\"https:\/\/www.plan-box.com\/fr\/autres-produits\/\" \/>\n<meta property=\"og:locale\" content=\"fr_FR\" \/>\n<meta property=\"og:type\" content=\"article\" \/>\n<meta property=\"og:title\" content=\"Autres produits - plan-box.com\" \/>\n<meta property=\"og:description\" content=\"Informations espace projet \u00ab\u00a0Bauprojektraum\u00ae\u00a0\u00bb ici.\" \/>\n<meta property=\"og:url\" content=\"https:\/\/www.plan-box.com\/fr\/autres-produits\/\" \/>\n<meta property=\"og:site_name\" content=\"plan-box.com\" \/>\n<meta property=\"article:modified_time\" content=\"2023-04-30T16:28:41+00:00\" \/>\n<meta property=\"og:image\" content=\"https:\/\/www.plan-box.com\/fr\/wp-content\/uploads\/sites\/2\/2023\/04\/REALVIEW-CH_logo.svg\" \/>\n<meta name=\"twitter:card\" content=\"summary_large_image\" \/>\n<meta name=\"twitter:label1\" content=\"Dur\u00e9e de lecture estim\u00e9e\" \/>\n\t<meta name=\"twitter:data1\" content=\"2 minutes\" \/>\n<script type=\"application\/ld+json\" class=\"yoast-schema-graph\">{\"@context\":\"https:\\\/\\\/schema.org\",\"@graph\":[{\"@type\":\"WebPage\",\"@id\":\"https:\\\/\\\/www.plan-box.com\\\/fr\\\/autres-produits\\\/\",\"url\":\"https:\\\/\\\/www.plan-box.com\\\/fr\\\/autres-produits\\\/\",\"name\":\"Autres produits - plan-box.com\",\"isPartOf\":{\"@id\":\"https:\\\/\\\/www.plan-box.com\\\/fr\\\/#website\"},\"primaryImageOfPage\":{\"@id\":\"https:\\\/\\\/www.plan-box.com\\\/fr\\\/autres-produits\\\/#primaryimage\"},\"image\":{\"@id\":\"https:\\\/\\\/www.plan-box.com\\\/fr\\\/autres-produits\\\/#primaryimage\"},\"thumbnailUrl\":\"https:\\\/\\\/www.plan-box.com\\\/fr\\\/wp-content\\\/uploads\\\/sites\\\/2\\\/2023\\\/04\\\/REALVIEW-CH_logo.svg\",\"datePublished\":\"2021-06-18T12:47:09+00:00\",\"dateModified\":\"2023-04-30T16:28:41+00:00\",\"breadcrumb\":{\"@id\":\"https:\\\/\\\/www.plan-box.com\\\/fr\\\/autres-produits\\\/#breadcrumb\"},\"inLanguage\":\"fr-FR\",\"potentialAction\":[{\"@type\":\"ReadAction\",\"target\":[\"https:\\\/\\\/www.plan-box.com\\\/fr\\\/autres-produits\\\/\"]}]},{\"@type\":\"ImageObject\",\"inLanguage\":\"fr-FR\",\"@id\":\"https:\\\/\\\/www.plan-box.com\\\/fr\\\/autres-produits\\\/#primaryimage\",\"url\":\"https:\\\/\\\/www.plan-box.com\\\/fr\\\/wp-content\\\/uploads\\\/sites\\\/2\\\/2023\\\/04\\\/REALVIEW-CH_logo.svg\",\"contentUrl\":\"https:\\\/\\\/www.plan-box.com\\\/fr\\\/wp-content\\\/uploads\\\/sites\\\/2\\\/2023\\\/04\\\/REALVIEW-CH_logo.svg\",\"width\":598,\"height\":112},{\"@type\":\"BreadcrumbList\",\"@id\":\"https:\\\/\\\/www.plan-box.com\\\/fr\\\/autres-produits\\\/#breadcrumb\",\"itemListElement\":[{\"@type\":\"ListItem\",\"position\":1,\"name\":\"Startseite\",\"item\":\"https:\\\/\\\/www.plan-box.com\\\/fr\\\/\"},{\"@type\":\"ListItem\",\"position\":2,\"name\":\"Autres produits\"}]},{\"@type\":\"WebSite\",\"@id\":\"https:\\\/\\\/www.plan-box.com\\\/fr\\\/#website\",\"url\":\"https:\\\/\\\/www.plan-box.com\\\/fr\\\/\",\"name\":\"plan-box.com\",\"description\":\"Dokumente im Bau\",\"publisher\":{\"@id\":\"https:\\\/\\\/www.plan-box.com\\\/fr\\\/#organization\"},\"potentialAction\":[{\"@type\":\"SearchAction\",\"target\":{\"@type\":\"EntryPoint\",\"urlTemplate\":\"https:\\\/\\\/www.plan-box.com\\\/fr\\\/?s={search_term_string}\"},\"query-input\":{\"@type\":\"PropertyValueSpecification\",\"valueRequired\":true,\"valueName\":\"search_term_string\"}}],\"inLanguage\":\"fr-FR\"},{\"@type\":\"Organization\",\"@id\":\"https:\\\/\\\/www.plan-box.com\\\/fr\\\/#organization\",\"name\":\"plan-box.com\",\"url\":\"https:\\\/\\\/www.plan-box.com\\\/fr\\\/\",\"logo\":{\"@type\":\"ImageObject\",\"inLanguage\":\"fr-FR\",\"@id\":\"https:\\\/\\\/www.plan-box.com\\\/fr\\\/#\\\/schema\\\/logo\\\/image\\\/\",\"url\":\"https:\\\/\\\/www.plan-box.com\\\/fr\\\/wp-content\\\/uploads\\\/sites\\\/2\\\/2021\\\/06\\\/plan-box-logo.svg\",\"contentUrl\":\"https:\\\/\\\/www.plan-box.com\\\/fr\\\/wp-content\\\/uploads\\\/sites\\\/2\\\/2021\\\/06\\\/plan-box-logo.svg\",\"width\":354,\"height\":78,\"caption\":\"plan-box.com\"},\"image\":{\"@id\":\"https:\\\/\\\/www.plan-box.com\\\/fr\\\/#\\\/schema\\\/logo\\\/image\\\/\"}}]}<\/script>\n<!-- \/ Yoast SEO plugin. -->","yoast_head_json":{"title":"Autres produits - plan-box.com","robots":{"index":"index","follow":"follow","max-snippet":"max-snippet:-1","max-image-preview":"max-image-preview:large","max-video-preview":"max-video-preview:-1"},"canonical":"https:\/\/www.plan-box.com\/fr\/autres-produits\/","og_locale":"fr_FR","og_type":"article","og_title":"Autres produits - plan-box.com","og_description":"Informations espace projet \u00ab\u00a0Bauprojektraum\u00ae\u00a0\u00bb ici.","og_url":"https:\/\/www.plan-box.com\/fr\/autres-produits\/","og_site_name":"plan-box.com","article_modified_time":"2023-04-30T16:28:41+00:00","og_image":[{"url":"https:\/\/www.plan-box.com\/fr\/wp-content\/uploads\/sites\/2\/2023\/04\/REALVIEW-CH_logo.svg","type":"","width":"","height":""}],"twitter_card":"summary_large_image","twitter_misc":{"Dur\u00e9e de lecture estim\u00e9e":"2 minutes"},"schema":{"@context":"https:\/\/schema.org","@graph":[{"@type":"WebPage","@id":"https:\/\/www.plan-box.com\/fr\/autres-produits\/","url":"https:\/\/www.plan-box.com\/fr\/autres-produits\/","name":"Autres produits - plan-box.com","isPartOf":{"@id":"https:\/\/www.plan-box.com\/fr\/#website"},"primaryImageOfPage":{"@id":"https:\/\/www.plan-box.com\/fr\/autres-produits\/#primaryimage"},"image":{"@id":"https:\/\/www.plan-box.com\/fr\/autres-produits\/#primaryimage"},"thumbnailUrl":"https:\/\/www.plan-box.com\/fr\/wp-content\/uploads\/sites\/2\/2023\/04\/REALVIEW-CH_logo.svg","datePublished":"2021-06-18T12:47:09+00:00","dateModified":"2023-04-30T16:28:41+00:00","breadcrumb":{"@id":"https:\/\/www.plan-box.com\/fr\/autres-produits\/#breadcrumb"},"inLanguage":"fr-FR","potentialAction":[{"@type":"ReadAction","target":["https:\/\/www.plan-box.com\/fr\/autres-produits\/"]}]},{"@type":"ImageObject","inLanguage":"fr-FR","@id":"https:\/\/www.plan-box.com\/fr\/autres-produits\/#primaryimage","url":"https:\/\/www.plan-box.com\/fr\/wp-content\/uploads\/sites\/2\/2023\/04\/REALVIEW-CH_logo.svg","contentUrl":"https:\/\/www.plan-box.com\/fr\/wp-content\/uploads\/sites\/2\/2023\/04\/REALVIEW-CH_logo.svg","width":598,"height":112},{"@type":"BreadcrumbList","@id":"https:\/\/www.plan-box.com\/fr\/autres-produits\/#breadcrumb","itemListElement":[{"@type":"ListItem","position":1,"name":"Startseite","item":"https:\/\/www.plan-box.com\/fr\/"},{"@type":"ListItem","position":2,"name":"Autres produits"}]},{"@type":"WebSite","@id":"https:\/\/www.plan-box.com\/fr\/#website","url":"https:\/\/www.plan-box.com\/fr\/","name":"plan-box.com","description":"Dokumente im Bau","publisher":{"@id":"https:\/\/www.plan-box.com\/fr\/#organization"},"potentialAction":[{"@type":"SearchAction","target":{"@type":"EntryPoint","urlTemplate":"https:\/\/www.plan-box.com\/fr\/?s={search_term_string}"},"query-input":{"@type":"PropertyValueSpecification","valueRequired":true,"valueName":"search_term_string"}}],"inLanguage":"fr-FR"},{"@type":"Organization","@id":"https:\/\/www.plan-box.com\/fr\/#organization","name":"plan-box.com","url":"https:\/\/www.plan-box.com\/fr\/","logo":{"@type":"ImageObject","inLanguage":"fr-FR","@id":"https:\/\/www.plan-box.com\/fr\/#\/schema\/logo\/image\/","url":"https:\/\/www.plan-box.com\/fr\/wp-content\/uploads\/sites\/2\/2021\/06\/plan-box-logo.svg","contentUrl":"https:\/\/www.plan-box.com\/fr\/wp-content\/uploads\/sites\/2\/2021\/06\/plan-box-logo.svg","width":354,"height":78,"caption":"plan-box.com"},"image":{"@id":"https:\/\/www.plan-box.com\/fr\/#\/schema\/logo\/image\/"}}]}},"_links":{"self":[{"href":"https:\/\/www.plan-box.com\/fr\/wp-json\/wp\/v2\/pages\/10","targetHints":{"allow":["GET"]}}],"collection":[{"href":"https:\/\/www.plan-box.com\/fr\/wp-json\/wp\/v2\/pages"}],"about":[{"href":"https:\/\/www.plan-box.com\/fr\/wp-json\/wp\/v2\/types\/page"}],"author":[{"embeddable":true,"href":"https:\/\/www.plan-box.com\/fr\/wp-json\/wp\/v2\/users\/1"}],"replies":[{"embeddable":true,"href":"https:\/\/www.plan-box.com\/fr\/wp-json\/wp\/v2\/comments?post=10"}],"version-history":[{"count":111,"href":"https:\/\/www.plan-box.com\/fr\/wp-json\/wp\/v2\/pages\/10\/revisions"}],"predecessor-version":[{"id":810,"href":"https:\/\/www.plan-box.com\/fr\/wp-json\/wp\/v2\/pages\/10\/revisions\/810"}],"wp:attachment":[{"href":"https:\/\/www.plan-box.com\/fr\/wp-json\/wp\/v2\/media?parent=10"}],"curies":[{"name":"wp","href":"https:\/\/api.w.org\/{rel}","templated":true}]}}