{"id":14,"date":"2021-06-18T14:48:02","date_gmt":"2021-06-18T12:48:02","guid":{"rendered":"https:\/\/www.plan-box.com\/?page_id=14"},"modified":"2023-10-23T17:40:59","modified_gmt":"2023-10-23T15:40:59","slug":"qui-sommes-nous","status":"publish","type":"page","link":"https:\/\/www.plan-box.com\/fr\/qui-sommes-nous\/","title":{"rendered":"Qui sommes nous"},"content":{"rendered":"\n<p>plan-box.com est n\u00e9e en 2001 d&rsquo;un centre de services d&rsquo;impression lorsque le fondateur Marcus Risi a r\u00e9alis\u00e9 que la gestion des donn\u00e9es et des documents devait \u00eatre trait\u00e9e s\u00e9par\u00e9ment de la commande d&rsquo;impression.<\/p>\n\n\n\n<p>Dans le cadre d&rsquo;une solution de succession ordonn\u00e9e, Philipp Portmann, collaborateur de longue date et informaticien de formation, a repris la soci\u00e9t\u00e9 plan-box.com AG en 2018. Marcus Risi travaille toujours \u00e0 temps partiel dans l&rsquo;entreprise et garantit ainsi un transfert de savoir-faire complet et sans faille.<\/p>\n\n\n\n<p>L&rsquo;entreprise 100% suisse peut se targuer de 20 ans d&rsquo;exp\u00e9rience dans l&rsquo;assurance qualit\u00e9 de la gestion des donn\u00e9es, des documents et des dossiers. Le d\u00e9veloppement, le suivi et le stockage des donn\u00e9es sont effectu\u00e9s exclusivement en Suisse.<\/p>\n\n\n\n<p>L&rsquo;activit\u00e9 principale de plan-box.com est la Bauprojektraum\u00ae. Cependant, elle \u00e9largit continuellement ses activit\u00e9s et propose aujourd&rsquo;hui d&rsquo;autres produits et services. Ceux-ci ne s&rsquo;adressent pas seulement aux clients du secteur de la construction, mais aussi aux entreprises de tous les domaines d&rsquo;activit\u00e9 qui sont conscientes de l&rsquo;importance de la gestion des donn\u00e9es et de sa contribution au succ\u00e8s de l&rsquo;entreprise.<\/p>\n\n\n\n<p><\/p>\n\n\n\n<h2 class=\"wp-block-heading\">Les collaborateurs <\/h2>\n\n\n\n<p><\/p>\n\n\n\n<div class=\"wp-block-columns is-layout-flex wp-container-core-columns-is-layout-9d6595d7 wp-block-columns-is-layout-flex\">\n<div class=\"wp-block-column is-layout-flow wp-block-column-is-layout-flow\">\n<figure class=\"wp-block-image size-full is-resized is-style-rounded\"><img loading=\"lazy\" decoding=\"async\" width=\"459\" height=\"460\" src=\"https:\/\/www.plan-box.com\/wp-content\/uploads\/sites\/2\/2021\/10\/Philipp.png\" alt=\"\" class=\"wp-image-284\" style=\"width:194px;height:195px\" srcset=\"https:\/\/www.plan-box.com\/fr\/wp-content\/uploads\/sites\/2\/2021\/10\/Philipp.png 459w, https:\/\/www.plan-box.com\/fr\/wp-content\/uploads\/sites\/2\/2021\/10\/Philipp-300x300.png 300w, https:\/\/www.plan-box.com\/fr\/wp-content\/uploads\/sites\/2\/2021\/10\/Philipp-150x150.png 150w\" sizes=\"auto, (max-width: 459px) 100vw, 459px\" \/><\/figure>\n\n\n\n<p>Philipp Portmann<br>Propri\u00e9taire et directeur<br><\/p>\n<\/div>\n\n\n\n<div class=\"wp-block-column is-layout-flow wp-block-column-is-layout-flow\">\n<figure class=\"wp-block-image size-full is-resized is-style-rounded\"><img loading=\"lazy\" decoding=\"async\" width=\"668\" height=\"706\" src=\"https:\/\/www.plan-box.com\/wp-content\/uploads\/sites\/2\/2021\/11\/CForte-CV.png\" alt=\"\" class=\"wp-image-435\" style=\"width:193px;height:201px\" srcset=\"https:\/\/www.plan-box.com\/fr\/wp-content\/uploads\/sites\/2\/2021\/11\/CForte-CV.png 668w, https:\/\/www.plan-box.com\/fr\/wp-content\/uploads\/sites\/2\/2021\/11\/CForte-CV-284x300.png 284w\" sizes=\"auto, (max-width: 668px) 100vw, 668px\" \/><\/figure>\n\n\n\n<p>Cornelia Forte<br>Marketing et client\u00e8le romande<br><\/p>\n<\/div>\n<\/div>\n\n\n\n<div class=\"wp-block-columns is-layout-flex wp-container-core-columns-is-layout-9d6595d7 wp-block-columns-is-layout-flex\">\n<div class=\"wp-block-column is-layout-flow wp-block-column-is-layout-flow\">\n<p><\/p>\n\n\n\n<figure class=\"wp-block-image size-large is-resized is-style-rounded\"><img loading=\"lazy\" decoding=\"async\" width=\"866\" height=\"775\" src=\"https:\/\/www.plan-box.com\/wp-content\/uploads\/sites\/2\/2021\/12\/AH_PB-e1638375813509-edited.png\" alt=\"\" class=\"wp-image-625\" style=\"width:214px;height:191px\" srcset=\"https:\/\/www.plan-box.com\/fr\/wp-content\/uploads\/sites\/2\/2021\/12\/AH_PB-e1638375813509-edited.png 866w, https:\/\/www.plan-box.com\/fr\/wp-content\/uploads\/sites\/2\/2021\/12\/AH_PB-e1638375813509-edited-300x268.png 300w, https:\/\/www.plan-box.com\/fr\/wp-content\/uploads\/sites\/2\/2021\/12\/AH_PB-e1638375813509-edited-768x687.png 768w\" sizes=\"auto, (max-width: 866px) 100vw, 866px\" \/><\/figure>\n\n\n\n<p><br>Andrea Husistein<br>Administration<a href=\"https:\/\/www.plan-box.com\/wp-admin\/philipp.portmann@plan-box.com\"><br><\/a><\/p>\n<\/div>\n\n\n\n<div class=\"wp-block-column is-layout-flow wp-block-column-is-layout-flow\">\n<p><\/p>\n\n\n\n<figure class=\"wp-block-image size-full is-resized is-style-rounded\"><img loading=\"lazy\" decoding=\"async\" width=\"232\" height=\"275\" src=\"https:\/\/www.plan-box.com\/wp-content\/uploads\/sites\/2\/2021\/12\/marcus_risi-WEB-e1638375786929-edited-1.jpg\" alt=\"\" class=\"wp-image-627\" style=\"width:171px\" \/><\/figure>\n\n\n\n<p>Marcus Risi<br>Fondateur<\/p>\n<\/div>\n<\/div>\n\n\n\n<h2 class=\"wp-block-heading\">R\u00e9f\u00e9rences<\/h2>\n\n\n\n<p>Nos clients :<br><br>&#8211; Maitres d&rsquo;ouvrage et investisseurs, entreprises g\u00e9n\u00e9rales et totale, g\u00e9nie civile <br><br>&#8211; Institutions publiques, communes et villes<\/p>\n\n\n\n<p>&#8211; Banques, assurances, caisses de pension, fondations, h\u00f4pitaux, EMS<br><\/p>\n\n\n\n<p><br><strong>Les clients qui nous font confiance:<\/strong><\/p>\n\n\n\n<figure class=\"wp-block-gallery aligncenter has-nested-images columns-default is-cropped wp-block-gallery-1 is-layout-flex wp-block-gallery-is-layout-flex\">\n<figure class=\"wp-block-image size-large\"><img decoding=\"async\" src=\"https:\/\/www.plan-box.com\/fr\/wp-content\/uploads\/sites\/2\/2023\/10\/Unsere-Kunden-bild-web.jpg\" alt=\"\" \/><\/figure>\n<\/figure>\n\n\n\n<p><\/p>\n\n\n\n<p><strong>Business Cases<\/strong> <br><a href=\"https:\/\/www.plan-box.com\/wp-content\/uploads\/sites\/2\/2021\/10\/Referenzsheet.pdf\">D\u00e9couvrez le projet \u00ab\u00a0B\u00fcrgenstock\u00a0\u00bb et \u00ab\u00a0La nouvelle construction Administration f\u00e9d\u00e9rale \u00ab\u00a0<\/a><\/p>\n\n\n\n<p><\/p>\n\n\n\n<p><strong><strong><a href=\"\/fr\/contact-2\">Contact<\/a><br><\/strong><\/strong><\/p>\n","protected":false},"excerpt":{"rendered":"<p>plan-box.com est n\u00e9e en 2001 d&rsquo;un centre de services d&rsquo;impression lorsque le fondateur Marcus Risi a r\u00e9alis\u00e9 que la gestion des donn\u00e9es et des documents devait \u00eatre trait\u00e9e s\u00e9par\u00e9ment de la commande d&rsquo;impression. Dans le cadre d&rsquo;une solution de succession ordonn\u00e9e, Philipp Portmann, collaborateur de longue date et informaticien de formation, a repris la soci\u00e9t\u00e9 [&hellip;]<\/p>\n","protected":false},"author":1,"featured_media":0,"parent":0,"menu_order":0,"comment_status":"closed","ping_status":"closed","template":"","meta":{"editor_notices":[],"footnotes":""},"class_list":["post-14","page","type-page","status-publish","hentry"],"yoast_head":"<!-- This site is optimized with the Yoast SEO plugin v27.4 - https:\/\/yoast.com\/product\/yoast-seo-wordpress\/ -->\n<title>Qui sommes nous - plan-box.com<\/title>\n<meta name=\"robots\" content=\"index, follow, max-snippet:-1, max-image-preview:large, max-video-preview:-1\" \/>\n<link rel=\"canonical\" href=\"https:\/\/www.plan-box.com\/fr\/qui-sommes-nous\/\" \/>\n<meta property=\"og:locale\" content=\"fr_FR\" \/>\n<meta property=\"og:type\" content=\"article\" \/>\n<meta property=\"og:title\" content=\"Qui sommes nous - plan-box.com\" \/>\n<meta property=\"og:description\" content=\"plan-box.com est n\u00e9e en 2001 d&rsquo;un centre de services d&rsquo;impression lorsque le fondateur Marcus Risi a r\u00e9alis\u00e9 que la gestion des donn\u00e9es et des documents devait \u00eatre trait\u00e9e s\u00e9par\u00e9ment de la commande d&rsquo;impression. Dans le cadre d&rsquo;une solution de succession ordonn\u00e9e, Philipp Portmann, collaborateur de longue date et informaticien de formation, a repris la soci\u00e9t\u00e9 [&hellip;]\" \/>\n<meta property=\"og:url\" content=\"https:\/\/www.plan-box.com\/fr\/qui-sommes-nous\/\" \/>\n<meta property=\"og:site_name\" content=\"plan-box.com\" \/>\n<meta property=\"article:modified_time\" content=\"2023-10-23T15:40:59+00:00\" \/>\n<meta property=\"og:image\" content=\"https:\/\/www.plan-box.com\/wp-content\/uploads\/sites\/2\/2021\/10\/Philipp.png\" \/>\n<meta name=\"twitter:card\" content=\"summary_large_image\" \/>\n<meta name=\"twitter:label1\" content=\"Dur\u00e9e de lecture estim\u00e9e\" \/>\n\t<meta name=\"twitter:data1\" content=\"3 minutes\" \/>\n<script type=\"application\/ld+json\" class=\"yoast-schema-graph\">{\"@context\":\"https:\\\/\\\/schema.org\",\"@graph\":[{\"@type\":\"WebPage\",\"@id\":\"https:\\\/\\\/www.plan-box.com\\\/fr\\\/qui-sommes-nous\\\/\",\"url\":\"https:\\\/\\\/www.plan-box.com\\\/fr\\\/qui-sommes-nous\\\/\",\"name\":\"Qui sommes nous - plan-box.com\",\"isPartOf\":{\"@id\":\"https:\\\/\\\/www.plan-box.com\\\/fr\\\/#website\"},\"primaryImageOfPage\":{\"@id\":\"https:\\\/\\\/www.plan-box.com\\\/fr\\\/qui-sommes-nous\\\/#primaryimage\"},\"image\":{\"@id\":\"https:\\\/\\\/www.plan-box.com\\\/fr\\\/qui-sommes-nous\\\/#primaryimage\"},\"thumbnailUrl\":\"https:\\\/\\\/www.plan-box.com\\\/wp-content\\\/uploads\\\/sites\\\/2\\\/2021\\\/10\\\/Philipp.png\",\"datePublished\":\"2021-06-18T12:48:02+00:00\",\"dateModified\":\"2023-10-23T15:40:59+00:00\",\"breadcrumb\":{\"@id\":\"https:\\\/\\\/www.plan-box.com\\\/fr\\\/qui-sommes-nous\\\/#breadcrumb\"},\"inLanguage\":\"fr-FR\",\"potentialAction\":[{\"@type\":\"ReadAction\",\"target\":[\"https:\\\/\\\/www.plan-box.com\\\/fr\\\/qui-sommes-nous\\\/\"]}]},{\"@type\":\"ImageObject\",\"inLanguage\":\"fr-FR\",\"@id\":\"https:\\\/\\\/www.plan-box.com\\\/fr\\\/qui-sommes-nous\\\/#primaryimage\",\"url\":\"https:\\\/\\\/www.plan-box.com\\\/wp-content\\\/uploads\\\/sites\\\/2\\\/2021\\\/10\\\/Philipp.png\",\"contentUrl\":\"https:\\\/\\\/www.plan-box.com\\\/wp-content\\\/uploads\\\/sites\\\/2\\\/2021\\\/10\\\/Philipp.png\"},{\"@type\":\"BreadcrumbList\",\"@id\":\"https:\\\/\\\/www.plan-box.com\\\/fr\\\/qui-sommes-nous\\\/#breadcrumb\",\"itemListElement\":[{\"@type\":\"ListItem\",\"position\":1,\"name\":\"Startseite\",\"item\":\"https:\\\/\\\/www.plan-box.com\\\/fr\\\/\"},{\"@type\":\"ListItem\",\"position\":2,\"name\":\"Qui sommes nous\"}]},{\"@type\":\"WebSite\",\"@id\":\"https:\\\/\\\/www.plan-box.com\\\/fr\\\/#website\",\"url\":\"https:\\\/\\\/www.plan-box.com\\\/fr\\\/\",\"name\":\"plan-box.com\",\"description\":\"Dokumente im Bau\",\"publisher\":{\"@id\":\"https:\\\/\\\/www.plan-box.com\\\/fr\\\/#organization\"},\"potentialAction\":[{\"@type\":\"SearchAction\",\"target\":{\"@type\":\"EntryPoint\",\"urlTemplate\":\"https:\\\/\\\/www.plan-box.com\\\/fr\\\/?s={search_term_string}\"},\"query-input\":{\"@type\":\"PropertyValueSpecification\",\"valueRequired\":true,\"valueName\":\"search_term_string\"}}],\"inLanguage\":\"fr-FR\"},{\"@type\":\"Organization\",\"@id\":\"https:\\\/\\\/www.plan-box.com\\\/fr\\\/#organization\",\"name\":\"plan-box.com\",\"url\":\"https:\\\/\\\/www.plan-box.com\\\/fr\\\/\",\"logo\":{\"@type\":\"ImageObject\",\"inLanguage\":\"fr-FR\",\"@id\":\"https:\\\/\\\/www.plan-box.com\\\/fr\\\/#\\\/schema\\\/logo\\\/image\\\/\",\"url\":\"https:\\\/\\\/www.plan-box.com\\\/fr\\\/wp-content\\\/uploads\\\/sites\\\/2\\\/2021\\\/06\\\/plan-box-logo.svg\",\"contentUrl\":\"https:\\\/\\\/www.plan-box.com\\\/fr\\\/wp-content\\\/uploads\\\/sites\\\/2\\\/2021\\\/06\\\/plan-box-logo.svg\",\"width\":354,\"height\":78,\"caption\":\"plan-box.com\"},\"image\":{\"@id\":\"https:\\\/\\\/www.plan-box.com\\\/fr\\\/#\\\/schema\\\/logo\\\/image\\\/\"}}]}<\/script>\n<!-- \/ Yoast SEO plugin. -->","yoast_head_json":{"title":"Qui sommes nous - plan-box.com","robots":{"index":"index","follow":"follow","max-snippet":"max-snippet:-1","max-image-preview":"max-image-preview:large","max-video-preview":"max-video-preview:-1"},"canonical":"https:\/\/www.plan-box.com\/fr\/qui-sommes-nous\/","og_locale":"fr_FR","og_type":"article","og_title":"Qui sommes nous - plan-box.com","og_description":"plan-box.com est n\u00e9e en 2001 d&rsquo;un centre de services d&rsquo;impression lorsque le fondateur Marcus Risi a r\u00e9alis\u00e9 que la gestion des donn\u00e9es et des documents devait \u00eatre trait\u00e9e s\u00e9par\u00e9ment de la commande d&rsquo;impression. Dans le cadre d&rsquo;une solution de succession ordonn\u00e9e, Philipp Portmann, collaborateur de longue date et informaticien de formation, a repris la soci\u00e9t\u00e9 [&hellip;]","og_url":"https:\/\/www.plan-box.com\/fr\/qui-sommes-nous\/","og_site_name":"plan-box.com","article_modified_time":"2023-10-23T15:40:59+00:00","og_image":[{"url":"https:\/\/www.plan-box.com\/wp-content\/uploads\/sites\/2\/2021\/10\/Philipp.png","type":"","width":"","height":""}],"twitter_card":"summary_large_image","twitter_misc":{"Dur\u00e9e de lecture estim\u00e9e":"3 minutes"},"schema":{"@context":"https:\/\/schema.org","@graph":[{"@type":"WebPage","@id":"https:\/\/www.plan-box.com\/fr\/qui-sommes-nous\/","url":"https:\/\/www.plan-box.com\/fr\/qui-sommes-nous\/","name":"Qui sommes nous - plan-box.com","isPartOf":{"@id":"https:\/\/www.plan-box.com\/fr\/#website"},"primaryImageOfPage":{"@id":"https:\/\/www.plan-box.com\/fr\/qui-sommes-nous\/#primaryimage"},"image":{"@id":"https:\/\/www.plan-box.com\/fr\/qui-sommes-nous\/#primaryimage"},"thumbnailUrl":"https:\/\/www.plan-box.com\/wp-content\/uploads\/sites\/2\/2021\/10\/Philipp.png","datePublished":"2021-06-18T12:48:02+00:00","dateModified":"2023-10-23T15:40:59+00:00","breadcrumb":{"@id":"https:\/\/www.plan-box.com\/fr\/qui-sommes-nous\/#breadcrumb"},"inLanguage":"fr-FR","potentialAction":[{"@type":"ReadAction","target":["https:\/\/www.plan-box.com\/fr\/qui-sommes-nous\/"]}]},{"@type":"ImageObject","inLanguage":"fr-FR","@id":"https:\/\/www.plan-box.com\/fr\/qui-sommes-nous\/#primaryimage","url":"https:\/\/www.plan-box.com\/wp-content\/uploads\/sites\/2\/2021\/10\/Philipp.png","contentUrl":"https:\/\/www.plan-box.com\/wp-content\/uploads\/sites\/2\/2021\/10\/Philipp.png"},{"@type":"BreadcrumbList","@id":"https:\/\/www.plan-box.com\/fr\/qui-sommes-nous\/#breadcrumb","itemListElement":[{"@type":"ListItem","position":1,"name":"Startseite","item":"https:\/\/www.plan-box.com\/fr\/"},{"@type":"ListItem","position":2,"name":"Qui sommes nous"}]},{"@type":"WebSite","@id":"https:\/\/www.plan-box.com\/fr\/#website","url":"https:\/\/www.plan-box.com\/fr\/","name":"plan-box.com","description":"Dokumente im Bau","publisher":{"@id":"https:\/\/www.plan-box.com\/fr\/#organization"},"potentialAction":[{"@type":"SearchAction","target":{"@type":"EntryPoint","urlTemplate":"https:\/\/www.plan-box.com\/fr\/?s={search_term_string}"},"query-input":{"@type":"PropertyValueSpecification","valueRequired":true,"valueName":"search_term_string"}}],"inLanguage":"fr-FR"},{"@type":"Organization","@id":"https:\/\/www.plan-box.com\/fr\/#organization","name":"plan-box.com","url":"https:\/\/www.plan-box.com\/fr\/","logo":{"@type":"ImageObject","inLanguage":"fr-FR","@id":"https:\/\/www.plan-box.com\/fr\/#\/schema\/logo\/image\/","url":"https:\/\/www.plan-box.com\/fr\/wp-content\/uploads\/sites\/2\/2021\/06\/plan-box-logo.svg","contentUrl":"https:\/\/www.plan-box.com\/fr\/wp-content\/uploads\/sites\/2\/2021\/06\/plan-box-logo.svg","width":354,"height":78,"caption":"plan-box.com"},"image":{"@id":"https:\/\/www.plan-box.com\/fr\/#\/schema\/logo\/image\/"}}]}},"_links":{"self":[{"href":"https:\/\/www.plan-box.com\/fr\/wp-json\/wp\/v2\/pages\/14","targetHints":{"allow":["GET"]}}],"collection":[{"href":"https:\/\/www.plan-box.com\/fr\/wp-json\/wp\/v2\/pages"}],"about":[{"href":"https:\/\/www.plan-box.com\/fr\/wp-json\/wp\/v2\/types\/page"}],"author":[{"embeddable":true,"href":"https:\/\/www.plan-box.com\/fr\/wp-json\/wp\/v2\/users\/1"}],"replies":[{"embeddable":true,"href":"https:\/\/www.plan-box.com\/fr\/wp-json\/wp\/v2\/comments?post=14"}],"version-history":[{"count":63,"href":"https:\/\/www.plan-box.com\/fr\/wp-json\/wp\/v2\/pages\/14\/revisions"}],"predecessor-version":[{"id":824,"href":"https:\/\/www.plan-box.com\/fr\/wp-json\/wp\/v2\/pages\/14\/revisions\/824"}],"wp:attachment":[{"href":"https:\/\/www.plan-box.com\/fr\/wp-json\/wp\/v2\/media?parent=14"}],"curies":[{"name":"wp","href":"https:\/\/api.w.org\/{rel}","templated":true}]}}