{"id":424,"date":"2021-11-30T21:48:00","date_gmt":"2021-11-30T19:48:00","guid":{"rendered":"https:\/\/www.plan-box.com\/?page_id=424"},"modified":"2023-04-30T21:15:10","modified_gmt":"2023-04-30T19:15:10","slug":"espace-projet-bauprojektraum","status":"publish","type":"page","link":"https:\/\/www.plan-box.com\/fr\/espace-projet-bauprojektraum\/","title":{"rendered":"Espace projet plan-box.com\u00ae"},"content":{"rendered":"\n<div class=\"wp-block-cdt-toggle\"><div class=\"wp-block-cdt-toggle-inner\"><div class=\"wp-block-cdt-toggle-header\"><div class=\"wp-block-cdt-toggle-header-inner\"><h2>Espace projet plan-box.com\u00ae<\/h2><p><\/p><\/div><\/div><div class=\"wp-block-cdt-toggle-content\"><button class=\"wp-block-cdt-toggle-close\"><\/button><div class=\"wp-block-cdt-toggle-content-inner\">\n<p>L&rsquo;espace projet plan-box.com\u00ae facilite la collaboration entre toutes les parties impliqu\u00e9es. plan-box.com -est un logiciel bas\u00e9 sur le web qui ne demande aucune installation. La plateforme offre toutes les fonctions pour un \u00e9change de documents ainsi que les archives durant toute la dur\u00e9e d&rsquo;un projet de construction &#8211; de la conception \u00e0 l&rsquo;exploitation. <\/p>\n\n\n\n<p>plan-box.com est garant de <strong>tra\u00e7abilit\u00e9, efficacit\u00e9, s\u00e9curit\u00e9 et individualit\u00e9:<\/strong><\/p>\n\n\n\n<p><\/p>\n\n\n\n<ul class=\"wp-block-list\">\n<li>Gestion de plans et documents avec <strong>structure de classement individuelle<\/strong> et sp\u00e9cifique au projet, compatible avec ou selon les <strong>directives<\/strong> <a href=\"https:\/\/www.youtube.com\/watch?v=NEtzaNVVxz0\">K<\/a><strong><a href=\"https:\/\/www.youtube.com\/watch?v=NEtzaNVVxz0\">BOB BWD13\/16<\/a> <\/strong><\/li>\n\n\n\n<li>Contr\u00f4le et validation des plans<\/li>\n\n\n\n<li>Gestion des plans d&rsquo;effectifs et de r\u00e9vision<\/li>\n\n\n\n<li>Transfert des donn\u00e9es \u00e0 la fin de la phase ou du projet<\/li>\n\n\n\n<li>Archivage num\u00e9rique durable<\/li>\n\n\n\n<li>Edition de Codes QR sur tous les plans d\u00e8s format A3 pour la validation de la derni\u00e8re version du plan <\/li>\n<\/ul>\n\n\n\n<p><a href=\"https:\/\/www.plan-box.com\/fr\/wp-content\/uploads\/sites\/2\/2022\/05\/Fonctions-plan-box.com-espace-projet.pdf\">Toutes les fonctions en PDF<\/a><\/p>\n<\/div><\/div><\/div><\/div>\n\n\n\n<div style=\"height:42px\" aria-hidden=\"true\" class=\"wp-block-spacer\"><\/div>\n\n\n\n<div class=\"wp-block-columns is-layout-flex wp-container-core-columns-is-layout-9d6595d7 wp-block-columns-is-layout-flex\">\n<div class=\"wp-block-column is-layout-flow wp-block-column-is-layout-flow\">\n<div class=\"wp-block-cdt-toggle\"><div class=\"wp-block-cdt-toggle-inner\"><div class=\"wp-block-cdt-toggle-header\"><div class=\"wp-block-cdt-toggle-header-inner\"><h2>plan-box.com BASIC pour les architectes et planificateurs<\/h2><p><\/p><\/div><\/div><div class=\"wp-block-cdt-toggle-content\"><button class=\"wp-block-cdt-toggle-close\"><\/button><div class=\"wp-block-cdt-toggle-content-inner\">\n<p>plan-box.com BASIC: la solution compacte pour les architectes et planificateurs. <\/p>\n\n\n\n<ul class=\"wp-block-list\">\n<li>Outils bas\u00e9 sur le web<\/li>\n\n\n\n<li>Gestion des plans et des documents avec une structure de classement individuelle et sp\u00e9cifique au projet <\/li>\n\n\n\n<li>Ordonnancement du projet selon la norme SIA 112 <\/li>\n\n\n\n<li>Libre choix du centre d&rsquo;impression<\/li>\n\n\n\n<li>Indexation et contr\u00f4le des versions pour tous les types de documents et fichiers<\/li>\n\n\n\n<li>Listes de distribution individuelles par mail avec envoi imm\u00e9diat ou diff\u00e9r\u00e9<\/li>\n\n\n\n<li>Preuve d&rsquo;utilisation AQ pour toutes les fonctions<br><br><a href=\"https:\/\/www.plan-box.com\/fr\/wp-content\/uploads\/sites\/2\/2022\/05\/FR-pb-BASIC_Funktionsbeschreibung_plsn-box_Basic-20211104_V002-9-1.pdf\">Toutes les fonctions<\/a> &gt;<\/li>\n<\/ul>\n<\/div><\/div><\/div><\/div>\n<\/div>\n\n\n\n<div class=\"wp-block-column is-layout-flow wp-block-column-is-layout-flow\">\n<div class=\"wp-block-cdt-toggle\"><div class=\"wp-block-cdt-toggle-inner\"><div class=\"wp-block-cdt-toggle-header\"><div class=\"wp-block-cdt-toggle-header-inner\"><h2>Module soumission d&rsquo;offres<\/h2><p><\/p><\/div><\/div><div class=\"wp-block-cdt-toggle-content\"><button class=\"wp-block-cdt-toggle-close\"><\/button><div class=\"wp-block-cdt-toggle-content-inner\">\n<p>Bauausschreibungen leicht gemacht mit dem plan-box-Ausschreibungs-Modul! <\/p>\n\n\n\n<ul class=\"wp-block-list\">\n<li>Effizient und \u00fcbersichtlich<\/li>\n\n\n\n<li>F\u00fcr Einladungs- und \u00d6ffentlich-Rechtliche Verfahren<\/li>\n\n\n\n<li>\u00dcbersicht \u00fcber die gesamte Projektlaufzeit bis in die Garantiephase der offenen und geschlossenen Bauausschreibungen <\/li>\n\n\n\n<li>Planunterlagen, Leistungsverzeichnisse, Angebote und Vorg\u00e4nge wie anonyme Fragen\/Antworten an einem Ort <br><br><a href=\"https:\/\/www.plan-box.com\/wp-content\/uploads\/2021\/11\/Bauausschreibung-plan-box.pdf\" target=\"_blank\" rel=\"noreferrer noopener\">PDF Alle Funktionen <\/a><\/li>\n<\/ul>\n<\/div><\/div><\/div><\/div>\n<\/div>\n<\/div>\n\n\n\n<div class=\"wp-block-cdt-toggle\"><div class=\"wp-block-cdt-toggle-inner\"><div class=\"wp-block-cdt-toggle-header\"><div class=\"wp-block-cdt-toggle-header-inner\"><h2>Directives KBOB\/IPB pour les documents dans la construction<\/h2><p><\/p><\/div><\/div><div class=\"wp-block-cdt-toggle-content\"><button class=\"wp-block-cdt-toggle-close\"><\/button><div class=\"wp-block-cdt-toggle-content-inner\">\n<figure class=\"wp-block-embed is-type-rich is-provider-prise-en-charge-des-contenus-embarques wp-block-embed-prise-en-charge-des-contenus-embarques wp-embed-aspect-16-9 wp-has-aspect-ratio\"><div class=\"wp-block-embed__wrapper\">\n<iframe loading=\"lazy\" title=\"Bauwerksdokumentation - HEUTE: KBOB\/IPB Empfehlung &quot;Bauwerksdokumentation im Hochbau&quot;\" width=\"1200\" height=\"675\" src=\"https:\/\/www.youtube.com\/embed\/NEtzaNVVxz0?feature=oembed\" frameborder=\"0\" allow=\"accelerometer; autoplay; clipboard-write; encrypted-media; gyroscope; picture-in-picture; web-share\" allowfullscreen><\/iframe>\n<\/div><\/figure>\n<\/div><\/div><\/div><\/div>\n","protected":false},"excerpt":{"rendered":"","protected":false},"author":2,"featured_media":0,"parent":0,"menu_order":0,"comment_status":"closed","ping_status":"closed","template":"","meta":{"editor_notices":[],"footnotes":""},"class_list":["post-424","page","type-page","status-publish","hentry"],"yoast_head":"<!-- This site is optimized with the Yoast SEO plugin v27.4 - https:\/\/yoast.com\/product\/yoast-seo-wordpress\/ -->\n<title>Espace projet plan-box.com\u00ae - plan-box.com<\/title>\n<meta name=\"robots\" content=\"index, follow, max-snippet:-1, max-image-preview:large, max-video-preview:-1\" \/>\n<link rel=\"canonical\" href=\"https:\/\/www.plan-box.com\/fr\/espace-projet-bauprojektraum\/\" \/>\n<meta property=\"og:locale\" content=\"fr_FR\" \/>\n<meta property=\"og:type\" content=\"article\" \/>\n<meta property=\"og:title\" content=\"Espace projet plan-box.com\u00ae - plan-box.com\" \/>\n<meta property=\"og:url\" content=\"https:\/\/www.plan-box.com\/fr\/espace-projet-bauprojektraum\/\" \/>\n<meta property=\"og:site_name\" content=\"plan-box.com\" \/>\n<meta property=\"article:modified_time\" content=\"2023-04-30T19:15:10+00:00\" \/>\n<meta name=\"twitter:card\" content=\"summary_large_image\" \/>\n<meta name=\"twitter:label1\" content=\"Dur\u00e9e de lecture estim\u00e9e\" \/>\n\t<meta name=\"twitter:data1\" content=\"2 minutes\" \/>\n<script type=\"application\/ld+json\" class=\"yoast-schema-graph\">{\"@context\":\"https:\\\/\\\/schema.org\",\"@graph\":[{\"@type\":\"WebPage\",\"@id\":\"https:\\\/\\\/www.plan-box.com\\\/fr\\\/espace-projet-bauprojektraum\\\/\",\"url\":\"https:\\\/\\\/www.plan-box.com\\\/fr\\\/espace-projet-bauprojektraum\\\/\",\"name\":\"Espace projet plan-box.com\u00ae - plan-box.com\",\"isPartOf\":{\"@id\":\"https:\\\/\\\/www.plan-box.com\\\/fr\\\/#website\"},\"datePublished\":\"2021-11-30T19:48:00+00:00\",\"dateModified\":\"2023-04-30T19:15:10+00:00\",\"breadcrumb\":{\"@id\":\"https:\\\/\\\/www.plan-box.com\\\/fr\\\/espace-projet-bauprojektraum\\\/#breadcrumb\"},\"inLanguage\":\"fr-FR\",\"potentialAction\":[{\"@type\":\"ReadAction\",\"target\":[\"https:\\\/\\\/www.plan-box.com\\\/fr\\\/espace-projet-bauprojektraum\\\/\"]}]},{\"@type\":\"BreadcrumbList\",\"@id\":\"https:\\\/\\\/www.plan-box.com\\\/fr\\\/espace-projet-bauprojektraum\\\/#breadcrumb\",\"itemListElement\":[{\"@type\":\"ListItem\",\"position\":1,\"name\":\"Startseite\",\"item\":\"https:\\\/\\\/www.plan-box.com\\\/fr\\\/\"},{\"@type\":\"ListItem\",\"position\":2,\"name\":\"Espace projet plan-box.com\u00ae\"}]},{\"@type\":\"WebSite\",\"@id\":\"https:\\\/\\\/www.plan-box.com\\\/fr\\\/#website\",\"url\":\"https:\\\/\\\/www.plan-box.com\\\/fr\\\/\",\"name\":\"plan-box.com\",\"description\":\"Dokumente im Bau\",\"publisher\":{\"@id\":\"https:\\\/\\\/www.plan-box.com\\\/fr\\\/#organization\"},\"potentialAction\":[{\"@type\":\"SearchAction\",\"target\":{\"@type\":\"EntryPoint\",\"urlTemplate\":\"https:\\\/\\\/www.plan-box.com\\\/fr\\\/?s={search_term_string}\"},\"query-input\":{\"@type\":\"PropertyValueSpecification\",\"valueRequired\":true,\"valueName\":\"search_term_string\"}}],\"inLanguage\":\"fr-FR\"},{\"@type\":\"Organization\",\"@id\":\"https:\\\/\\\/www.plan-box.com\\\/fr\\\/#organization\",\"name\":\"plan-box.com\",\"url\":\"https:\\\/\\\/www.plan-box.com\\\/fr\\\/\",\"logo\":{\"@type\":\"ImageObject\",\"inLanguage\":\"fr-FR\",\"@id\":\"https:\\\/\\\/www.plan-box.com\\\/fr\\\/#\\\/schema\\\/logo\\\/image\\\/\",\"url\":\"https:\\\/\\\/www.plan-box.com\\\/fr\\\/wp-content\\\/uploads\\\/sites\\\/2\\\/2021\\\/06\\\/plan-box-logo.svg\",\"contentUrl\":\"https:\\\/\\\/www.plan-box.com\\\/fr\\\/wp-content\\\/uploads\\\/sites\\\/2\\\/2021\\\/06\\\/plan-box-logo.svg\",\"width\":354,\"height\":78,\"caption\":\"plan-box.com\"},\"image\":{\"@id\":\"https:\\\/\\\/www.plan-box.com\\\/fr\\\/#\\\/schema\\\/logo\\\/image\\\/\"}}]}<\/script>\n<!-- \/ Yoast SEO plugin. -->","yoast_head_json":{"title":"Espace projet plan-box.com\u00ae - plan-box.com","robots":{"index":"index","follow":"follow","max-snippet":"max-snippet:-1","max-image-preview":"max-image-preview:large","max-video-preview":"max-video-preview:-1"},"canonical":"https:\/\/www.plan-box.com\/fr\/espace-projet-bauprojektraum\/","og_locale":"fr_FR","og_type":"article","og_title":"Espace projet plan-box.com\u00ae - plan-box.com","og_url":"https:\/\/www.plan-box.com\/fr\/espace-projet-bauprojektraum\/","og_site_name":"plan-box.com","article_modified_time":"2023-04-30T19:15:10+00:00","twitter_card":"summary_large_image","twitter_misc":{"Dur\u00e9e de lecture estim\u00e9e":"2 minutes"},"schema":{"@context":"https:\/\/schema.org","@graph":[{"@type":"WebPage","@id":"https:\/\/www.plan-box.com\/fr\/espace-projet-bauprojektraum\/","url":"https:\/\/www.plan-box.com\/fr\/espace-projet-bauprojektraum\/","name":"Espace projet plan-box.com\u00ae - plan-box.com","isPartOf":{"@id":"https:\/\/www.plan-box.com\/fr\/#website"},"datePublished":"2021-11-30T19:48:00+00:00","dateModified":"2023-04-30T19:15:10+00:00","breadcrumb":{"@id":"https:\/\/www.plan-box.com\/fr\/espace-projet-bauprojektraum\/#breadcrumb"},"inLanguage":"fr-FR","potentialAction":[{"@type":"ReadAction","target":["https:\/\/www.plan-box.com\/fr\/espace-projet-bauprojektraum\/"]}]},{"@type":"BreadcrumbList","@id":"https:\/\/www.plan-box.com\/fr\/espace-projet-bauprojektraum\/#breadcrumb","itemListElement":[{"@type":"ListItem","position":1,"name":"Startseite","item":"https:\/\/www.plan-box.com\/fr\/"},{"@type":"ListItem","position":2,"name":"Espace projet plan-box.com\u00ae"}]},{"@type":"WebSite","@id":"https:\/\/www.plan-box.com\/fr\/#website","url":"https:\/\/www.plan-box.com\/fr\/","name":"plan-box.com","description":"Dokumente im Bau","publisher":{"@id":"https:\/\/www.plan-box.com\/fr\/#organization"},"potentialAction":[{"@type":"SearchAction","target":{"@type":"EntryPoint","urlTemplate":"https:\/\/www.plan-box.com\/fr\/?s={search_term_string}"},"query-input":{"@type":"PropertyValueSpecification","valueRequired":true,"valueName":"search_term_string"}}],"inLanguage":"fr-FR"},{"@type":"Organization","@id":"https:\/\/www.plan-box.com\/fr\/#organization","name":"plan-box.com","url":"https:\/\/www.plan-box.com\/fr\/","logo":{"@type":"ImageObject","inLanguage":"fr-FR","@id":"https:\/\/www.plan-box.com\/fr\/#\/schema\/logo\/image\/","url":"https:\/\/www.plan-box.com\/fr\/wp-content\/uploads\/sites\/2\/2021\/06\/plan-box-logo.svg","contentUrl":"https:\/\/www.plan-box.com\/fr\/wp-content\/uploads\/sites\/2\/2021\/06\/plan-box-logo.svg","width":354,"height":78,"caption":"plan-box.com"},"image":{"@id":"https:\/\/www.plan-box.com\/fr\/#\/schema\/logo\/image\/"}}]}},"_links":{"self":[{"href":"https:\/\/www.plan-box.com\/fr\/wp-json\/wp\/v2\/pages\/424","targetHints":{"allow":["GET"]}}],"collection":[{"href":"https:\/\/www.plan-box.com\/fr\/wp-json\/wp\/v2\/pages"}],"about":[{"href":"https:\/\/www.plan-box.com\/fr\/wp-json\/wp\/v2\/types\/page"}],"author":[{"embeddable":true,"href":"https:\/\/www.plan-box.com\/fr\/wp-json\/wp\/v2\/users\/2"}],"replies":[{"embeddable":true,"href":"https:\/\/www.plan-box.com\/fr\/wp-json\/wp\/v2\/comments?post=424"}],"version-history":[{"count":38,"href":"https:\/\/www.plan-box.com\/fr\/wp-json\/wp\/v2\/pages\/424\/revisions"}],"predecessor-version":[{"id":812,"href":"https:\/\/www.plan-box.com\/fr\/wp-json\/wp\/v2\/pages\/424\/revisions\/812"}],"wp:attachment":[{"href":"https:\/\/www.plan-box.com\/fr\/wp-json\/wp\/v2\/media?parent=424"}],"curies":[{"name":"wp","href":"https:\/\/api.w.org\/{rel}","templated":true}]}}