{"id":832,"date":"2025-11-16T16:19:15","date_gmt":"2025-11-16T14:19:15","guid":{"rendered":"https:\/\/www.plan-box.com\/fr\/?page_id=832"},"modified":"2025-11-16T16:19:16","modified_gmt":"2025-11-16T14:19:16","slug":"protection-des-donnees","status":"publish","type":"page","link":"https:\/\/www.plan-box.com\/fr\/protection-des-donnees\/","title":{"rendered":"Protection des donn\u00e9es"},"content":{"rendered":"\n<h1 class=\"wp-block-heading\"><strong>1. IDENTIT\u00c9 ET COORDONN\u00c9ES DU RESPONSABLE<\/strong><\/h1>\n\n\n\n<p>Le responsable au sens de la LPD est :<br><strong>plan-box.com AG<\/strong><br>Philipp Portmann<br>Flurhofstrasse 3<br>6374 Buochs<br>Suisse<br>T\u00e9l\u00e9phone : +41 41 612 04 50<br>E-mail : <a>mailbox@plan-box.com<\/a><br>Internet : <a href=\"http:\/\/www.plan-box.com\">www.plan-box.com<\/a><\/p>\n\n\n\n<hr class=\"wp-block-separator has-alpha-channel-opacity\" \/>\n\n\n\n<h1 class=\"wp-block-heading\"><strong>2. MISE \u00c0 DISPOSITION DU SITE WEB (FICHIERS JOURNAUX \/ LOGFILES)<\/strong><\/h1>\n\n\n\n<h2 class=\"wp-block-heading\"><strong>2.1 Description et \u00e9tendue du traitement des donn\u00e9es<\/strong><\/h2>\n\n\n\n<p>Lorsque vous acc\u00e9dez \u00e0 notre site Internet \u2014 m\u00eame si vous ne vous inscrivez pas ou ne transmettez aucune information \u2014 des informations g\u00e9n\u00e9rales sont automatiquement collect\u00e9es. Ces informations (fichiers journaux du serveur) comprennent par exemple le type de navigateur, le syst\u00e8me d\u2019exploitation utilis\u00e9, le nom de domaine de votre fournisseur d\u2019acc\u00e8s, votre adresse IP, l\u2019URL de provenance, la date et l\u2019heure de l\u2019acc\u00e8s, etc.<\/p>\n\n\n\n<p>Elles sont trait\u00e9es notamment pour les finalit\u00e9s suivantes :<br>\u25cf garantir une connexion sans probl\u00e8me au site web ;<br>\u25cf assurer une utilisation fluide du site ;<br>\u25cf assurer et analyser la s\u00e9curit\u00e9 et la stabilit\u00e9 du syst\u00e8me, notamment pour d\u00e9tecter les abus ;<br>\u25cf assurer une repr\u00e9sentation technique correcte et optimiser notre site web.<\/p>\n\n\n\n<p>Les donn\u00e9es sont \u00e9galement enregistr\u00e9es dans les fichiers journaux de notre syst\u00e8me. Ces donn\u00e9es ne sont <strong>pas<\/strong> enregistr\u00e9es conjointement avec d\u2019autres donn\u00e9es personnelles. Nous n\u2019utilisons pas vos donn\u00e9es pour tirer des conclusions sur votre identit\u00e9. Toutefois, nous nous r\u00e9servons le droit de v\u00e9rifier ult\u00e9rieurement ces logs s\u2019il existe des indices concrets d\u2019une utilisation illicite.<\/p>\n\n\n\n<h2 class=\"wp-block-heading\"><strong>2.2 Destinataires des donn\u00e9es<\/strong><\/h2>\n\n\n\n<p>Nous faisons appel \u00e0 des prestataires de services pour l\u2019exploitation et la maintenance de notre site web. Ils agissent en tant que sous-traitants et sont contractuellement tenus de traiter vos donn\u00e9es de mani\u00e8re confidentielle.<\/p>\n\n\n\n<h2 class=\"wp-block-heading\"><strong>2.3 Transmission \u00e0 l\u2019\u00e9tranger<\/strong><\/h2>\n\n\n\n<p>Un traitement peut \u00e9galement avoir lieu en dehors de la Suisse.<br>Tous les pays concern\u00e9s sont reconnus comme offrant un niveau de protection \u00e9quivalent. Ainsi, les donn\u00e9es personnelles peuvent y \u00eatre transmises sans mesures suppl\u00e9mentaires.<br>Une protection ad\u00e9quate est garantie par des r\u00e8gles d\u2019entreprise contraignantes (Binding Corporate Rules).<\/p>\n\n\n\n<hr class=\"wp-block-separator has-alpha-channel-opacity\" \/>\n\n\n\n<h1 class=\"wp-block-heading\"><strong>3. CONTACT<\/strong><\/h1>\n\n\n\n<h2 class=\"wp-block-heading\"><strong>3.1 Description et \u00e9tendue du traitement des donn\u00e9es<\/strong><\/h2>\n\n\n\n<p>Un formulaire de contact est disponible sur notre site web pour une prise de contact \u00e9lectronique. Si vous l\u2019utilisez, les donn\u00e9es personnelles saisies dans le formulaire nous sont transmises et enregistr\u00e9es. Elles servent uniquement au traitement de votre demande.<\/p>\n\n\n\n<p>Au moment de l\u2019envoi, les donn\u00e9es suivantes sont transmises et enregistr\u00e9es :<br>\u25cf donn\u00e9es personnelles de base (pr\u00e9nom, nom, titre acad\u00e9mique)<br>\u25cf donn\u00e9es de contact (adresse, t\u00e9l\u00e9phone, e-mail)<br>\u25cf donn\u00e9es internes \u00e0 l\u2019entreprise (fonction, entreprise, n\u00b0 personnel, sup\u00e9rieur hi\u00e9rarchique, n\u00b0 de b\u00e2timent et de bureau)<br>\u25cf donn\u00e9es d\u2019identification g\u00e9n\u00e9rales (date de naissance, sexe, \u00e9tat civil, nationalit\u00e9, lieu de naissance, photo)<br>\u25cf consentements<br>\u25cf autres donn\u00e9es li\u00e9es au contrat de travail<br>\u25cf donn\u00e9es concernant la relation de travail (contrat, qualifications, rempla\u00e7ants, projets, raisons de d\u00e9part, avertissements)<br>\u25cf donn\u00e9es de qualification (CV, certificats, participation \u00e0 des s\u00e9minaires, \u00e9valuations, attestations de travail)<br>\u25cf donn\u00e9es d\u2019utilisation IT (donn\u00e9es de connexion, configurations, gestion des droits et utilisateurs)<br>\u25cf temps de travail (heures, pr\u00e9sence\/absence, horaires, temps de disponibilit\u00e9, etc.)<br>\u25cf date et heure de la requ\u00eate<br>\u25cf URL de provenance de la requ\u00eate<br>\u25cf adresse IP<\/p>\n\n\n\n<p>Si vous nous contactez par e-mail, les donn\u00e9es transmises seront \u00e9galement enregistr\u00e9es : m\u00eames cat\u00e9gories que ci-dessus, plus les informations techniques des serveurs impliqu\u00e9s.<\/p>\n\n\n\n<p>En cas de contact par t\u00e9l\u00e9phone, nous collectons les donn\u00e9es suivantes :<br>\u25cf votre num\u00e9ro de t\u00e9l\u00e9phone<br>\u25cf la dur\u00e9e de l\u2019appel<br>Les conversations ne sont <strong>pas enregistr\u00e9es<\/strong>.<\/p>\n\n\n\n<p>Votre consentement peut \u00eatre retir\u00e9 \u00e0 tout moment avec effet futur.<\/p>\n\n\n\n<h2 class=\"wp-block-heading\"><strong>3.2 Destinataires des donn\u00e9es<\/strong><\/h2>\n\n\n\n<p>Des prestataires de services agissent en tant que sous-traitants pour la maintenance du site ou le traitement des demandes (ex. IT, call-center). Ils sont contractuellement tenus \u00e0 la confidentialit\u00e9.<\/p>\n\n\n\n<h2 class=\"wp-block-heading\"><strong>3.3 Transmission \u00e0 l\u2019\u00e9tranger<\/strong><\/h2>\n\n\n\n<p>Un traitement peut avoir lieu hors de Suisse.<br>Tous les pays concern\u00e9s sont reconnus comme offrant un niveau de protection \u00e9quivalent.<br>La protection des donn\u00e9es est garantie par des Binding Corporate Rules.<\/p>\n\n\n\n<hr class=\"wp-block-separator has-alpha-channel-opacity\" \/>\n\n\n\n<h1 class=\"wp-block-heading\"><strong>4. NEWSLETTER<\/strong><\/h1>\n\n\n\n<h2 class=\"wp-block-heading\"><strong>4.1 Description et \u00e9tendue du traitement des donn\u00e9es<\/strong><\/h2>\n\n\n\n<p>Vos donn\u00e9es servent exclusivement \u00e0 l\u2019envoi du newsletter et \u2014 si vous y avez consenti \u2014 \u00e0 l\u2019analyse de votre comportement de lecture. Votre nom nous permet de vous adresser des communications personnalis\u00e9es.<\/p>\n\n\n\n<p>Pour v\u00e9rifier que l\u2019inscription est r\u00e9ellement effectu\u00e9e par le propri\u00e9taire de l\u2019adresse e-mail, nous utilisons la proc\u00e9dure <strong>Double Opt-In<\/strong> (DOI).<\/p>\n\n\n\n<p>Lors de la confirmation DOI, les donn\u00e9es suivantes sont enregistr\u00e9es :<br>\u25cf lieu, date et heure de l\u2019inscription<br>\u25cf adresse e-mail<br>\u25cf \u00e9ventuellement : civilit\u00e9, pr\u00e9nom, nom<\/p>\n\n\n\n<p>Nous analysons \u00e9galement le comportement de lecture et les clics afin d\u2019optimiser nos newsletters.<\/p>\n\n\n\n<h2 class=\"wp-block-heading\"><strong>4.2 Destinataires des donn\u00e9es<\/strong><\/h2>\n\n\n\n<p>Nous recourons \u00e0 des prestataires pour l\u2019envoi et l\u2019analyse. Ils sont contractuellement tenus \u00e0 la confidentialit\u00e9.<\/p>\n\n\n\n<hr class=\"wp-block-separator has-alpha-channel-opacity\" \/>\n\n\n\n<h1 class=\"wp-block-heading\"><strong>5. UTILISATION DES COOKIES ET DU LOCAL STORAGE<\/strong><\/h1>\n\n\n\n<h2 class=\"wp-block-heading\"><strong>5.1 Utilisation sur notre site<\/strong><\/h2>\n\n\n\n<p>Divers cookies et techniques de stockage local peuvent \u00eatre utilis\u00e9s. Certains sont n\u00e9cessaires au bon fonctionnement du site (int\u00e9r\u00eat l\u00e9gitime), d\u2019autres n\u00e9cessitent votre <strong>consentement<\/strong>.<\/p>\n\n\n\n<p>Objectifs possibles :<br>\u25cf utilisation de fonctionnalit\u00e9s sp\u00e9cifiques ;<br>\u25cf analyse pseudonymis\u00e9e d\u2019utilisation ;<br>\u25cf am\u00e9lioration de l\u2019exp\u00e9rience utilisateur ;<br>\u25cf ajustement de notre offre.<\/p>\n\n\n\n<p>Certains cookies sont supprim\u00e9s \u00e0 la fermeture du navigateur (cookies de session) ; d\u2019autres persistent.<\/p>\n\n\n\n<p>Votre consentement est donn\u00e9 en acc\u00e9dant au site et peut \u00eatre retir\u00e9 \u00e0 tout moment.<\/p>\n\n\n\n<h2 class=\"wp-block-heading\"><strong>5.2 Cookies utilis\u00e9s<\/strong><\/h2>\n\n\n\n<p>\u25cf <strong>_lfa<\/strong> : Leadfeeder ; identification des IP ; dur\u00e9e : 2 ans<br>\u25cf <strong>_wpfuuid<\/strong> : WPForms ; liaison d\u2019entr\u00e9es utilisateur ; dur\u00e9e : 11 ans<br>\u25cf <strong>elementor<\/strong> : WordPress ; permet la modification en temps r\u00e9el ; dur\u00e9e : illimit\u00e9e<\/p>\n\n\n\n<h2 class=\"wp-block-heading\"><strong>5.3 Analyse web et marketing<\/strong><\/h2>\n\n\n\n<p>Nous utilisons <strong>Google Analytics<\/strong>, sous r\u00e9serve de votre consentement.<\/p>\n\n\n\n<p>Fonctionnement r\u00e9sum\u00e9 :<br>\u2013 utilisation de cookies ;<br>\u2013 transmission possible aux \u00c9tats-Unis (sur base de votre consentement) ;<br>\u2013 IP anonymis\u00e9e quand cela est activ\u00e9 ;<br>\u2013 rapports statistiques fournis \u00e0 notre demande ;<br>\u2013 pas de croisement automatique avec d\u2019autres donn\u00e9es Google sauf si param\u00e9tr\u00e9 dans votre compte Google.<\/p>\n\n\n\n<p>Lien opt-out : <em>Google Analytics d\u00e9sactiver<\/em><\/p>\n\n\n\n<p>Autres outils :<br>\u25cf <strong>Google reCAPTCHA<\/strong> (s\u00e9curit\u00e9 des formulaires)<br>\u25cf <strong>Leadinfo\u00ae<\/strong> (analyse B2B, donn\u00e9es pseudonymis\u00e9es)<\/p>\n\n\n\n<h2 class=\"wp-block-heading\"><strong>5.4 Liens vers d\u2019autres sites<\/strong><\/h2>\n\n\n\n<p>Le site contient des liens vers Facebook, Instagram, Twitter, LinkedIn (pas des plugins actifs).<br>Une fois cliqu\u00e9, les r\u00e8gles de protection des donn\u00e9es des plateformes concern\u00e9es s\u2019appliquent.<\/p>\n\n\n\n<h1 class=\"wp-block-heading\"><strong>6. MESURE D\u2019AUDIENCE<\/strong><\/h1>\n\n\n\n<h2 class=\"wp-block-heading\"><strong>6.1 Description et \u00e9tendue du traitement des donn\u00e9es<\/strong><\/h2>\n\n\n\n<p>\u00c0 l\u2019aide d\u2019outils d\u2019analyse, nous \u00e9valuons le comportement des utilisateurs. Une description plus d\u00e9taill\u00e9e des outils utilis\u00e9s se trouve dans le chapitre \u00ab Outils d\u2019analyse \u00bb de la pr\u00e9sente politique de confidentialit\u00e9.<br>Le traitement repose sur notre int\u00e9r\u00eat l\u00e9gitime. La mesure d\u2019audience et les informations qui en r\u00e9sultent permettent d\u2019adapter notre offre en ligne.<\/p>\n\n\n\n<h2 class=\"wp-block-heading\"><strong>6.2 Destinataires des donn\u00e9es<\/strong><\/h2>\n\n\n\n<p>Nous faisons appel \u00e0 des prestataires techniques pour l\u2019exploitation et la maintenance de notre site web, agissant en tant que sous-traitants. Tous ces prestataires sont contractuellement tenus de traiter vos donn\u00e9es de mani\u00e8re confidentielle.<\/p>\n\n\n\n<hr class=\"wp-block-separator has-alpha-channel-opacity\" \/>\n\n\n\n<h1 class=\"wp-block-heading\"><strong>7. VOS DROITS EN TANT QUE PERSONNE CONCERN\u00c9E<\/strong><\/h1>\n\n\n\n<p>Vous avez le droit :<br>\u25cf d\u2019obtenir des informations sur le traitement de vos donn\u00e9es personnelles conform\u00e9ment \u00e0 l\u2019art. 15 RGPD \/ art. 8 LPD ;<br>\u25cf de demander la rectification ou la suppression de vos donn\u00e9es conform\u00e9ment \u00e0 l\u2019art. 17 RGPD \/ art. 5 &amp; 12 LPD ;<br>\u25cf de demander la limitation du traitement selon l\u2019art. 18 RGPD \/ art. 4 LPD ;<br>\u25cf d\u2019\u00eatre inform\u00e9 conform\u00e9ment \u00e0 l\u2019art. 19 RGPD \/ art. 8 LPD ;<br>\u25cf de recevoir vos donn\u00e9es dans un format structur\u00e9, couramment utilis\u00e9 et lisible (portabilit\u00e9) conform\u00e9ment \u00e0 l\u2019art. 20 RGPD \/ art. 8 LPD.<\/p>\n\n\n\n<p>Si nous traitons vos donn\u00e9es personnelles sur la base de votre consentement conform\u00e9ment \u00e0 l\u2019art. 6, par. 1, phrase 1, lettre a) RGPD \/ art. 4 LPD, vous avez le droit de retirer ce consentement \u00e0 tout moment, conform\u00e9ment \u00e0 l\u2019art. 7 RGPD.<br>Veuillez noter que le retrait n\u2019a d\u2019effet que pour l\u2019avenir. Les traitements effectu\u00e9s avant le retrait demeurent licites. Notez \u00e9galement que, malgr\u00e9 votre retrait, certaines obligations l\u00e9gales de conservation peuvent nous imposer de conserver certaines donn\u00e9es (voir section 6 de cette politique de confidentialit\u00e9).<\/p>\n\n\n\n<h3 class=\"wp-block-heading\"><strong>Droit d\u2019opposition<\/strong><\/h3>\n\n\n\n<p>Lorsque vos donn\u00e9es personnelles sont trait\u00e9es sur la base de l\u2019art. 6, par. 1, phrase 1, lettres e) ou f) RGPD, pour des int\u00e9r\u00eats l\u00e9gitimes, vous avez le droit de vous opposer \u00e0 tout moment, pour des raisons tenant \u00e0 votre situation particuli\u00e8re, au traitement de ces donn\u00e9es conform\u00e9ment \u00e0 l\u2019art. 21 RGPD.<br>Nous ne traiterons alors plus ces donn\u00e9es personnelles, sauf si nous pouvons d\u00e9montrer des motifs l\u00e9gitimes et imp\u00e9rieux justifiant le traitement, pr\u00e9valant sur vos int\u00e9r\u00eats, droits et libert\u00e9s, ou si le traitement sert \u00e0 la constatation, l\u2019exercice ou la d\u00e9fense de droits en justice.<br>Pour exercer vos droits, il suffit d\u2019adresser une demande \u00e9crite \u00e0 l\u2019adresse mentionn\u00e9e plus haut ou par e-mail \u00e0 : <strong><a>mailbox@plan-box.com<\/a><\/strong>.<\/p>\n","protected":false},"excerpt":{"rendered":"<p>1. IDENTIT\u00c9 ET COORDONN\u00c9ES DU RESPONSABLE Le responsable au sens de la LPD est :plan-box.com AGPhilipp PortmannFlurhofstrasse 36374 BuochsSuisseT\u00e9l\u00e9phone : +41 41 612 04 50E-mail : mailbox@plan-box.comInternet : www.plan-box.com 2. MISE \u00c0 DISPOSITION DU SITE WEB (FICHIERS JOURNAUX \/ LOGFILES) 2.1 Description et \u00e9tendue du traitement des donn\u00e9es Lorsque vous acc\u00e9dez \u00e0 notre site Internet [&hellip;]<\/p>\n","protected":false},"author":2,"featured_media":0,"parent":0,"menu_order":0,"comment_status":"closed","ping_status":"closed","template":"","meta":{"editor_notices":[],"footnotes":""},"class_list":["post-832","page","type-page","status-publish","hentry"],"yoast_head":"<!-- This site is optimized with the Yoast SEO plugin v27.4 - https:\/\/yoast.com\/product\/yoast-seo-wordpress\/ -->\n<title>Protection des donn\u00e9es - plan-box.com<\/title>\n<meta name=\"robots\" content=\"index, follow, max-snippet:-1, max-image-preview:large, max-video-preview:-1\" \/>\n<link rel=\"canonical\" href=\"https:\/\/www.plan-box.com\/fr\/protection-des-donnees\/\" \/>\n<meta property=\"og:locale\" content=\"fr_FR\" \/>\n<meta property=\"og:type\" content=\"article\" \/>\n<meta property=\"og:title\" content=\"Protection des donn\u00e9es - plan-box.com\" \/>\n<meta property=\"og:description\" content=\"1. IDENTIT\u00c9 ET COORDONN\u00c9ES DU RESPONSABLE Le responsable au sens de la LPD est :plan-box.com AGPhilipp PortmannFlurhofstrasse 36374 BuochsSuisseT\u00e9l\u00e9phone : +41 41 612 04 50E-mail : mailbox@plan-box.comInternet : www.plan-box.com 2. MISE \u00c0 DISPOSITION DU SITE WEB (FICHIERS JOURNAUX \/ LOGFILES) 2.1 Description et \u00e9tendue du traitement des donn\u00e9es Lorsque vous acc\u00e9dez \u00e0 notre site Internet [&hellip;]\" \/>\n<meta property=\"og:url\" content=\"https:\/\/www.plan-box.com\/fr\/protection-des-donnees\/\" \/>\n<meta property=\"og:site_name\" content=\"plan-box.com\" \/>\n<meta property=\"article:modified_time\" content=\"2025-11-16T14:19:16+00:00\" \/>\n<meta name=\"twitter:card\" content=\"summary_large_image\" \/>\n<meta name=\"twitter:label1\" content=\"Dur\u00e9e de lecture estim\u00e9e\" \/>\n\t<meta name=\"twitter:data1\" content=\"8 minutes\" \/>\n<script type=\"application\/ld+json\" class=\"yoast-schema-graph\">{\"@context\":\"https:\\\/\\\/schema.org\",\"@graph\":[{\"@type\":\"WebPage\",\"@id\":\"https:\\\/\\\/www.plan-box.com\\\/fr\\\/protection-des-donnees\\\/\",\"url\":\"https:\\\/\\\/www.plan-box.com\\\/fr\\\/protection-des-donnees\\\/\",\"name\":\"Protection des donn\u00e9es - plan-box.com\",\"isPartOf\":{\"@id\":\"https:\\\/\\\/www.plan-box.com\\\/fr\\\/#website\"},\"datePublished\":\"2025-11-16T14:19:15+00:00\",\"dateModified\":\"2025-11-16T14:19:16+00:00\",\"breadcrumb\":{\"@id\":\"https:\\\/\\\/www.plan-box.com\\\/fr\\\/protection-des-donnees\\\/#breadcrumb\"},\"inLanguage\":\"fr-FR\",\"potentialAction\":[{\"@type\":\"ReadAction\",\"target\":[\"https:\\\/\\\/www.plan-box.com\\\/fr\\\/protection-des-donnees\\\/\"]}]},{\"@type\":\"BreadcrumbList\",\"@id\":\"https:\\\/\\\/www.plan-box.com\\\/fr\\\/protection-des-donnees\\\/#breadcrumb\",\"itemListElement\":[{\"@type\":\"ListItem\",\"position\":1,\"name\":\"Startseite\",\"item\":\"https:\\\/\\\/www.plan-box.com\\\/fr\\\/\"},{\"@type\":\"ListItem\",\"position\":2,\"name\":\"Protection des donn\u00e9es\"}]},{\"@type\":\"WebSite\",\"@id\":\"https:\\\/\\\/www.plan-box.com\\\/fr\\\/#website\",\"url\":\"https:\\\/\\\/www.plan-box.com\\\/fr\\\/\",\"name\":\"plan-box.com\",\"description\":\"Dokumente im Bau\",\"publisher\":{\"@id\":\"https:\\\/\\\/www.plan-box.com\\\/fr\\\/#organization\"},\"potentialAction\":[{\"@type\":\"SearchAction\",\"target\":{\"@type\":\"EntryPoint\",\"urlTemplate\":\"https:\\\/\\\/www.plan-box.com\\\/fr\\\/?s={search_term_string}\"},\"query-input\":{\"@type\":\"PropertyValueSpecification\",\"valueRequired\":true,\"valueName\":\"search_term_string\"}}],\"inLanguage\":\"fr-FR\"},{\"@type\":\"Organization\",\"@id\":\"https:\\\/\\\/www.plan-box.com\\\/fr\\\/#organization\",\"name\":\"plan-box.com\",\"url\":\"https:\\\/\\\/www.plan-box.com\\\/fr\\\/\",\"logo\":{\"@type\":\"ImageObject\",\"inLanguage\":\"fr-FR\",\"@id\":\"https:\\\/\\\/www.plan-box.com\\\/fr\\\/#\\\/schema\\\/logo\\\/image\\\/\",\"url\":\"https:\\\/\\\/www.plan-box.com\\\/fr\\\/wp-content\\\/uploads\\\/sites\\\/2\\\/2021\\\/06\\\/plan-box-logo.svg\",\"contentUrl\":\"https:\\\/\\\/www.plan-box.com\\\/fr\\\/wp-content\\\/uploads\\\/sites\\\/2\\\/2021\\\/06\\\/plan-box-logo.svg\",\"width\":354,\"height\":78,\"caption\":\"plan-box.com\"},\"image\":{\"@id\":\"https:\\\/\\\/www.plan-box.com\\\/fr\\\/#\\\/schema\\\/logo\\\/image\\\/\"}}]}<\/script>\n<!-- \/ Yoast SEO plugin. -->","yoast_head_json":{"title":"Protection des donn\u00e9es - plan-box.com","robots":{"index":"index","follow":"follow","max-snippet":"max-snippet:-1","max-image-preview":"max-image-preview:large","max-video-preview":"max-video-preview:-1"},"canonical":"https:\/\/www.plan-box.com\/fr\/protection-des-donnees\/","og_locale":"fr_FR","og_type":"article","og_title":"Protection des donn\u00e9es - plan-box.com","og_description":"1. IDENTIT\u00c9 ET COORDONN\u00c9ES DU RESPONSABLE Le responsable au sens de la LPD est :plan-box.com AGPhilipp PortmannFlurhofstrasse 36374 BuochsSuisseT\u00e9l\u00e9phone : +41 41 612 04 50E-mail : mailbox@plan-box.comInternet : www.plan-box.com 2. MISE \u00c0 DISPOSITION DU SITE WEB (FICHIERS JOURNAUX \/ LOGFILES) 2.1 Description et \u00e9tendue du traitement des donn\u00e9es Lorsque vous acc\u00e9dez \u00e0 notre site Internet [&hellip;]","og_url":"https:\/\/www.plan-box.com\/fr\/protection-des-donnees\/","og_site_name":"plan-box.com","article_modified_time":"2025-11-16T14:19:16+00:00","twitter_card":"summary_large_image","twitter_misc":{"Dur\u00e9e de lecture estim\u00e9e":"8 minutes"},"schema":{"@context":"https:\/\/schema.org","@graph":[{"@type":"WebPage","@id":"https:\/\/www.plan-box.com\/fr\/protection-des-donnees\/","url":"https:\/\/www.plan-box.com\/fr\/protection-des-donnees\/","name":"Protection des donn\u00e9es - plan-box.com","isPartOf":{"@id":"https:\/\/www.plan-box.com\/fr\/#website"},"datePublished":"2025-11-16T14:19:15+00:00","dateModified":"2025-11-16T14:19:16+00:00","breadcrumb":{"@id":"https:\/\/www.plan-box.com\/fr\/protection-des-donnees\/#breadcrumb"},"inLanguage":"fr-FR","potentialAction":[{"@type":"ReadAction","target":["https:\/\/www.plan-box.com\/fr\/protection-des-donnees\/"]}]},{"@type":"BreadcrumbList","@id":"https:\/\/www.plan-box.com\/fr\/protection-des-donnees\/#breadcrumb","itemListElement":[{"@type":"ListItem","position":1,"name":"Startseite","item":"https:\/\/www.plan-box.com\/fr\/"},{"@type":"ListItem","position":2,"name":"Protection des donn\u00e9es"}]},{"@type":"WebSite","@id":"https:\/\/www.plan-box.com\/fr\/#website","url":"https:\/\/www.plan-box.com\/fr\/","name":"plan-box.com","description":"Dokumente im Bau","publisher":{"@id":"https:\/\/www.plan-box.com\/fr\/#organization"},"potentialAction":[{"@type":"SearchAction","target":{"@type":"EntryPoint","urlTemplate":"https:\/\/www.plan-box.com\/fr\/?s={search_term_string}"},"query-input":{"@type":"PropertyValueSpecification","valueRequired":true,"valueName":"search_term_string"}}],"inLanguage":"fr-FR"},{"@type":"Organization","@id":"https:\/\/www.plan-box.com\/fr\/#organization","name":"plan-box.com","url":"https:\/\/www.plan-box.com\/fr\/","logo":{"@type":"ImageObject","inLanguage":"fr-FR","@id":"https:\/\/www.plan-box.com\/fr\/#\/schema\/logo\/image\/","url":"https:\/\/www.plan-box.com\/fr\/wp-content\/uploads\/sites\/2\/2021\/06\/plan-box-logo.svg","contentUrl":"https:\/\/www.plan-box.com\/fr\/wp-content\/uploads\/sites\/2\/2021\/06\/plan-box-logo.svg","width":354,"height":78,"caption":"plan-box.com"},"image":{"@id":"https:\/\/www.plan-box.com\/fr\/#\/schema\/logo\/image\/"}}]}},"_links":{"self":[{"href":"https:\/\/www.plan-box.com\/fr\/wp-json\/wp\/v2\/pages\/832","targetHints":{"allow":["GET"]}}],"collection":[{"href":"https:\/\/www.plan-box.com\/fr\/wp-json\/wp\/v2\/pages"}],"about":[{"href":"https:\/\/www.plan-box.com\/fr\/wp-json\/wp\/v2\/types\/page"}],"author":[{"embeddable":true,"href":"https:\/\/www.plan-box.com\/fr\/wp-json\/wp\/v2\/users\/2"}],"replies":[{"embeddable":true,"href":"https:\/\/www.plan-box.com\/fr\/wp-json\/wp\/v2\/comments?post=832"}],"version-history":[{"count":1,"href":"https:\/\/www.plan-box.com\/fr\/wp-json\/wp\/v2\/pages\/832\/revisions"}],"predecessor-version":[{"id":833,"href":"https:\/\/www.plan-box.com\/fr\/wp-json\/wp\/v2\/pages\/832\/revisions\/833"}],"wp:attachment":[{"href":"https:\/\/www.plan-box.com\/fr\/wp-json\/wp\/v2\/media?parent=832"}],"curies":[{"name":"wp","href":"https:\/\/api.w.org\/{rel}","templated":true}]}}